{"id":6862,"date":"2023-08-28T10:00:44","date_gmt":"2023-08-28T08:00:44","guid":{"rendered":"https:\/\/ejtn.eu\/?page_id=6862"},"modified":"2026-01-26T09:58:09","modified_gmt":"2026-01-26T08:58:09","slug":"notre-secretaire-generale","status":"publish","type":"page","link":"https:\/\/ejtn.eu\/fr\/notre-secretaire-generale\/","title":{"rendered":"Notre Secr\u00e9taire g\u00e9n\u00e9rale"},"content":{"rendered":"","protected":false},"excerpt":{"rendered":"","protected":false},"author":26,"featured_media":0,"parent":0,"menu_order":0,"comment_status":"closed","ping_status":"closed","template":"template-default.php","meta":{"_acf_changed":false,"footnotes":""},"class_list":["post-6862","page","type-page","status-publish","hentry"],"acf":[],"_links":{"self":[{"href":"https:\/\/ejtn.eu\/fr\/wp-json\/wp\/v2\/pages\/6862","targetHints":{"allow":["GET"]}}],"collection":[{"href":"https:\/\/ejtn.eu\/fr\/wp-json\/wp\/v2\/pages"}],"about":[{"href":"https:\/\/ejtn.eu\/fr\/wp-json\/wp\/v2\/types\/page"}],"author":[{"embeddable":true,"href":"https:\/\/ejtn.eu\/fr\/wp-json\/wp\/v2\/users\/26"}],"replies":[{"embeddable":true,"href":"https:\/\/ejtn.eu\/fr\/wp-json\/wp\/v2\/comments?post=6862"}],"version-history":[{"count":7,"href":"https:\/\/ejtn.eu\/fr\/wp-json\/wp\/v2\/pages\/6862\/revisions"}],"predecessor-version":[{"id":12024,"href":"https:\/\/ejtn.eu\/fr\/wp-json\/wp\/v2\/pages\/6862\/revisions\/12024"}],"wp:attachment":[{"href":"https:\/\/ejtn.eu\/fr\/wp-json\/wp\/v2\/media?parent=6862"}],"curies":[{"name":"wp","href":"https:\/\/api.w.org\/{rel}","templated":true}]}}