{"id":1363,"date":"2022-08-04T12:06:39","date_gmt":"2022-08-04T10:06:39","guid":{"rendered":"https:\/\/ejtn.eu\/membres-associes\/"},"modified":"2024-01-11T11:44:40","modified_gmt":"2024-01-11T10:44:40","slug":"membres-associes","status":"publish","type":"page","link":"https:\/\/ejtn.eu\/fr\/membres-associes\/","title":{"rendered":"Membres associ\u00e9s"},"content":{"rendered":"<h2>Nos membres associ\u00e9s<\/h2>\n<figure><a tabindex=\"-1\" href=\"https:\/\/ejtn.eu\/fr\/associate-members\/france\/\"><img loading=\"lazy\" decoding=\"async\" src=\"https:\/\/ejtn.eu\/wp-content\/uploads\/2022\/11\/195-france.svg\" alt=\"\" width=\"512\" height=\"512\" \/><\/a><\/figure>\n<p><a href=\"https:\/\/ejtn.eu\/fr\/associate-members\/france\/\"><b>FRANCE<\/b><br \/>\nEcole nationale des greffes<\/a><\/p>\n<figure><a tabindex=\"-1\" href=\"https:\/\/ejtn.eu\/fr\/associate-members\/italy\/\"><img loading=\"lazy\" decoding=\"async\" src=\"https:\/\/ejtn.eu\/wp-content\/uploads\/2022\/11\/013-italy.svg\" alt=\"\" width=\"512\" height=\"512\" \/><\/a><\/figure>\n<p><a href=\"https:\/\/ejtn.eu\/fr\/associate-members\/italy\/\"><b>ITALIE<\/b><br \/>\nMinist\u00e8re de la Justice<\/a><\/p>\n<figure><a tabindex=\"-1\" href=\"https:\/\/ejtn.eu\/fr\/associate-members\/malta\/\"><img loading=\"lazy\" decoding=\"async\" src=\"https:\/\/ejtn.eu\/wp-content\/uploads\/2023\/11\/Flag_of_Malta_500-1.jpg\" alt=\"\" width=\"500\" height=\"500\" \/><\/a><\/figure>\n<p><a href=\"https:\/\/ejtn.eu\/fr\/associate-members\/malta\/\"><b>MALTE<\/b><br \/>\nAgence des services judiciaires<\/a><\/p>\n<figure><a tabindex=\"-1\" href=\"https:\/\/ejtn.eu\/fr\/associate-members\/portugal\/\"><img loading=\"lazy\" decoding=\"async\" src=\"https:\/\/ejtn.eu\/wp-content\/uploads\/2022\/11\/PT.svg\" alt=\"\" width=\"512\" height=\"341\" \/><\/a><\/figure>\n<p><a href=\"https:\/\/ejtn.eu\/fr\/associate-members\/portugal\/\"><b>PORTUGAL<\/b><br \/>\nDire\u00e7\u00e3o-Geral da Administra\u00e7\u00e3o da Justi\u00e7a<\/a><\/p>\n<figure><a tabindex=\"-1\" href=\"https:\/\/ejtn.eu\/fr\/associate-members\/romania\/\"><img loading=\"lazy\" decoding=\"async\" src=\"https:\/\/ejtn.eu\/wp-content\/uploads\/2022\/11\/109-romania.svg\" alt=\"\" width=\"512\" height=\"512\" \/><\/a><\/figure>\n<p><a href=\"https:\/\/ejtn.eu\/fr\/associate-members\/romania\/\"><b>ROUMANIE<\/b><br \/>\nEcole nationale des greffes<\/a><\/p>\n","protected":false},"excerpt":{"rendered":"<p>Nos membres associ\u00e9s FRANCE Ecole nationale des greffes ITALIE Minist\u00e8re de la Justice MALTE Agence des services judiciaires PORTUGAL Dire\u00e7\u00e3o-Geral da Administra\u00e7\u00e3o da Justi\u00e7a ROUMANIE Ecole nationale des greffes<\/p>\n","protected":false},"author":26,"featured_media":0,"parent":0,"menu_order":28,"comment_status":"closed","ping_status":"closed","template":"template-associate-members.php","meta":{"_acf_changed":false,"footnotes":""},"class_list":["post-1363","page","type-page","status-publish","hentry"],"acf":[],"_links":{"self":[{"href":"https:\/\/ejtn.eu\/fr\/wp-json\/wp\/v2\/pages\/1363","targetHints":{"allow":["GET"]}}],"collection":[{"href":"https:\/\/ejtn.eu\/fr\/wp-json\/wp\/v2\/pages"}],"about":[{"href":"https:\/\/ejtn.eu\/fr\/wp-json\/wp\/v2\/types\/page"}],"author":[{"embeddable":true,"href":"https:\/\/ejtn.eu\/fr\/wp-json\/wp\/v2\/users\/26"}],"replies":[{"embeddable":true,"href":"https:\/\/ejtn.eu\/fr\/wp-json\/wp\/v2\/comments?post=1363"}],"version-history":[{"count":90,"href":"https:\/\/ejtn.eu\/fr\/wp-json\/wp\/v2\/pages\/1363\/revisions"}],"predecessor-version":[{"id":8620,"href":"https:\/\/ejtn.eu\/fr\/wp-json\/wp\/v2\/pages\/1363\/revisions\/8620"}],"wp:attachment":[{"href":"https:\/\/ejtn.eu\/fr\/wp-json\/wp\/v2\/media?parent=1363"}],"curies":[{"name":"wp","href":"https:\/\/api.w.org\/{rel}","templated":true}]}}