{"id":1360,"date":"2022-08-16T11:23:56","date_gmt":"2022-08-16T09:23:56","guid":{"rendered":"https:\/\/ejtn.eu\/candidature-spontanee\/"},"modified":"2022-12-12T13:01:10","modified_gmt":"2022-12-12T12:01:10","slug":"candidature-spontanee","status":"publish","type":"page","link":"https:\/\/ejtn.eu\/fr\/candidature-spontanee\/","title":{"rendered":"Candidature spontan\u00e9e"},"content":{"rendered":"<p>Souhaitez-vous travailler au sein d&rsquo;une association bas\u00e9e \u00e0 Bruxelles, dans une \u00e9quipe internationale pleine d&rsquo;engagement et de cr\u00e9ativit\u00e9, avec un rayonnement dans tous les \u00c9tats membres de l&rsquo;UE et au-del\u00e0 ? Vous avez une formation en droit ou en m\u00e9thodologie de formation ? Alors nous devrions entrer en contact ! Le REFJ recrute r\u00e9guli\u00e8rement. Veuillez nous contacter ici pour en savoir plus sur les possibilit\u00e9s d&#8217;emploi au si\u00e8ge du REFJ.<\/p>\n","protected":false},"excerpt":{"rendered":"<p>Souhaitez-vous travailler au sein d&rsquo;une association bas\u00e9e \u00e0 Bruxelles, dans une \u00e9quipe internationale pleine d&rsquo;engagement et de cr\u00e9ativit\u00e9, avec un rayonnement dans tous les \u00c9tats membres de l&rsquo;UE et au-del\u00e0 ? Vous avez une formation en droit ou en m\u00e9thodologie de formation ? Alors nous devrions entrer en contact ! Le REFJ recrute r\u00e9guli\u00e8rement. Veuillez [&hellip;]<\/p>\n","protected":false},"author":26,"featured_media":0,"parent":0,"menu_order":0,"comment_status":"closed","ping_status":"closed","template":"template-spontaneous-application.php","meta":{"_acf_changed":false,"footnotes":""},"class_list":["post-1360","page","type-page","status-publish","hentry"],"acf":[],"_links":{"self":[{"href":"https:\/\/ejtn.eu\/fr\/wp-json\/wp\/v2\/pages\/1360","targetHints":{"allow":["GET"]}}],"collection":[{"href":"https:\/\/ejtn.eu\/fr\/wp-json\/wp\/v2\/pages"}],"about":[{"href":"https:\/\/ejtn.eu\/fr\/wp-json\/wp\/v2\/types\/page"}],"author":[{"embeddable":true,"href":"https:\/\/ejtn.eu\/fr\/wp-json\/wp\/v2\/users\/26"}],"replies":[{"embeddable":true,"href":"https:\/\/ejtn.eu\/fr\/wp-json\/wp\/v2\/comments?post=1360"}],"version-history":[{"count":5,"href":"https:\/\/ejtn.eu\/fr\/wp-json\/wp\/v2\/pages\/1360\/revisions"}],"predecessor-version":[{"id":4503,"href":"https:\/\/ejtn.eu\/fr\/wp-json\/wp\/v2\/pages\/1360\/revisions\/4503"}],"wp:attachment":[{"href":"https:\/\/ejtn.eu\/fr\/wp-json\/wp\/v2\/media?parent=1360"}],"curies":[{"name":"wp","href":"https:\/\/api.w.org\/{rel}","templated":true}]}}